{"id":545,"date":"2026-04-14T08:41:17","date_gmt":"2026-04-14T08:41:17","guid":{"rendered":"https:\/\/betwinner.tips\/vi\/?page_id=545"},"modified":"2026-04-25T13:27:19","modified_gmt":"2026-04-25T13:27:19","slug":"aviator","status":"publish","type":"page","link":"https:\/\/betwinner.tips\/vi\/aviator\/","title":{"rendered":"Phi c\u00f4ng"},"content":{"rendered":"","protected":false},"excerpt":{"rendered":"","protected":false},"author":1,"featured_media":0,"parent":0,"menu_order":0,"comment_status":"closed","ping_status":"closed","template":"","meta":{"footnotes":""},"class_list":["post-545","page","type-page","status-publish","hentry"],"yoast_head":"<!-- This site is optimized with the Yoast SEO plugin v25.6 - https:\/\/yoast.com\/wordpress\/plugins\/seo\/ -->\n<title>BetWinner Phi c\u00f4ng \u2014 Ch\u01a1i tr\u00f2 ch\u01a1i Crash tr\u1ef1c tuy\u1ebfn<\/title>\n<meta name=\"description\" content=\"Ch\u01a1i Phi c\u00f4ng t\u1ea1i BetWinner: tr\u00f2 ch\u01a1i &quot;crash&quot; n\u1ed5i ti\u1ebfng v\u1edbi h\u1ec7 s\u1ed1 nh\u00e2n t\u0103ng d\u1ea7n v\u00e0 di\u1ec5n bi\u1ebfn th\u1eddi gian th\u1ef1c. R\u00fat ti\u1ec1n v\u00e0o \u0111\u00fang th\u1eddi \u0111i\u1ec3m v\u00e0 gi\u00e0nh chi\u1ebfn th\u1eafng!\" \/>\n<meta name=\"robots\" content=\"noindex, follow, max-snippet:-1, max-image-preview:large, max-video-preview:-1\" \/>\n<meta property=\"og:locale\" content=\"vi_VN\" \/>\n<meta property=\"og:type\" content=\"article\" \/>\n<meta property=\"og:title\" content=\"BetWinner Phi c\u00f4ng \u2014 Ch\u01a1i tr\u00f2 ch\u01a1i Crash tr\u1ef1c tuy\u1ebfn\" \/>\n<meta property=\"og:description\" content=\"Ch\u01a1i Phi c\u00f4ng t\u1ea1i BetWinner: tr\u00f2 ch\u01a1i &quot;crash&quot; n\u1ed5i ti\u1ebfng v\u1edbi h\u1ec7 s\u1ed1 nh\u00e2n t\u0103ng d\u1ea7n v\u00e0 di\u1ec5n bi\u1ebfn th\u1eddi gian th\u1ef1c. R\u00fat ti\u1ec1n v\u00e0o \u0111\u00fang th\u1eddi \u0111i\u1ec3m v\u00e0 gi\u00e0nh chi\u1ebfn th\u1eafng!\" \/>\n<meta property=\"og:url\" content=\"https:\/\/betwinner.tips\/vi\/aviator\/\" \/>\n<meta property=\"og:site_name\" content=\"Betwinner Tips VI\" \/>\n<meta property=\"article:modified_time\" content=\"2026-04-25T13:27:19+00:00\" \/>\n<meta name=\"twitter:card\" content=\"summary_large_image\" \/>\n<script type=\"application\/ld+json\" class=\"yoast-schema-graph\">{\"@context\":\"https:\/\/schema.org\",\"@graph\":[{\"@type\":\"WebPage\",\"@id\":\"https:\/\/betwinner.tips\/vi\/aviator\/\",\"url\":\"https:\/\/betwinner.tips\/vi\/aviator\/\",\"name\":\"BetWinner Phi c\u00f4ng \u2014 Ch\u01a1i tr\u00f2 ch\u01a1i Crash tr\u1ef1c tuy\u1ebfn\",\"isPartOf\":{\"@id\":\"https:\/\/betwinner.tips\/vi\/#website\"},\"datePublished\":\"2026-04-14T08:41:17+00:00\",\"dateModified\":\"2026-04-25T13:27:19+00:00\",\"description\":\"Ch\u01a1i Phi c\u00f4ng t\u1ea1i BetWinner: tr\u00f2 ch\u01a1i \\\"crash\\\" n\u1ed5i ti\u1ebfng v\u1edbi h\u1ec7 s\u1ed1 nh\u00e2n t\u0103ng d\u1ea7n v\u00e0 di\u1ec5n bi\u1ebfn th\u1eddi gian th\u1ef1c. R\u00fat ti\u1ec1n v\u00e0o \u0111\u00fang th\u1eddi \u0111i\u1ec3m v\u00e0 gi\u00e0nh chi\u1ebfn th\u1eafng!\",\"breadcrumb\":{\"@id\":\"https:\/\/betwinner.tips\/vi\/aviator\/#breadcrumb\"},\"inLanguage\":\"vi\",\"potentialAction\":[{\"@type\":\"ReadAction\",\"target\":[\"https:\/\/betwinner.tips\/vi\/aviator\/\"]}]},{\"@type\":\"BreadcrumbList\",\"@id\":\"https:\/\/betwinner.tips\/vi\/aviator\/#breadcrumb\",\"itemListElement\":[{\"@type\":\"ListItem\",\"position\":1,\"name\":\"Home\",\"item\":\"https:\/\/betwinner.tips\/vi\/\"},{\"@type\":\"ListItem\",\"position\":2,\"name\":\"Phi c\u00f4ng\"}]},{\"@type\":\"WebSite\",\"@id\":\"https:\/\/betwinner.tips\/vi\/#website\",\"url\":\"https:\/\/betwinner.tips\/vi\/\",\"name\":\"Betwinner Tips VI\",\"description\":\"My WordPress Blog\",\"potentialAction\":[{\"@type\":\"SearchAction\",\"target\":{\"@type\":\"EntryPoint\",\"urlTemplate\":\"https:\/\/betwinner.tips\/vi\/?s={search_term_string}\"},\"query-input\":{\"@type\":\"PropertyValueSpecification\",\"valueRequired\":true,\"valueName\":\"search_term_string\"}}],\"inLanguage\":\"vi\"}]}<\/script>\n<!-- \/ Yoast SEO plugin. -->","yoast_head_json":{"title":"BetWinner Phi c\u00f4ng \u2014 Ch\u01a1i tr\u00f2 ch\u01a1i Crash tr\u1ef1c tuy\u1ebfn","description":"Ch\u01a1i Phi c\u00f4ng t\u1ea1i BetWinner: tr\u00f2 ch\u01a1i \"crash\" n\u1ed5i ti\u1ebfng v\u1edbi h\u1ec7 s\u1ed1 nh\u00e2n t\u0103ng d\u1ea7n v\u00e0 di\u1ec5n bi\u1ebfn th\u1eddi gian th\u1ef1c. R\u00fat ti\u1ec1n v\u00e0o \u0111\u00fang th\u1eddi \u0111i\u1ec3m v\u00e0 gi\u00e0nh chi\u1ebfn th\u1eafng!","robots":{"index":"noindex","follow":"follow","max-snippet":"max-snippet:-1","max-image-preview":"max-image-preview:large","max-video-preview":"max-video-preview:-1"},"og_locale":"vi_VN","og_type":"article","og_title":"BetWinner Phi c\u00f4ng \u2014 Ch\u01a1i tr\u00f2 ch\u01a1i Crash tr\u1ef1c tuy\u1ebfn","og_description":"Ch\u01a1i Phi c\u00f4ng t\u1ea1i BetWinner: tr\u00f2 ch\u01a1i \"crash\" n\u1ed5i ti\u1ebfng v\u1edbi h\u1ec7 s\u1ed1 nh\u00e2n t\u0103ng d\u1ea7n v\u00e0 di\u1ec5n bi\u1ebfn th\u1eddi gian th\u1ef1c. R\u00fat ti\u1ec1n v\u00e0o \u0111\u00fang th\u1eddi \u0111i\u1ec3m v\u00e0 gi\u00e0nh chi\u1ebfn th\u1eafng!","og_url":"https:\/\/betwinner.tips\/vi\/aviator\/","og_site_name":"Betwinner Tips VI","article_modified_time":"2026-04-25T13:27:19+00:00","twitter_card":"summary_large_image","schema":{"@context":"https:\/\/schema.org","@graph":[{"@type":"WebPage","@id":"https:\/\/betwinner.tips\/vi\/aviator\/","url":"https:\/\/betwinner.tips\/vi\/aviator\/","name":"BetWinner Phi c\u00f4ng \u2014 Ch\u01a1i tr\u00f2 ch\u01a1i Crash tr\u1ef1c tuy\u1ebfn","isPartOf":{"@id":"https:\/\/betwinner.tips\/vi\/#website"},"datePublished":"2026-04-14T08:41:17+00:00","dateModified":"2026-04-25T13:27:19+00:00","description":"Ch\u01a1i Phi c\u00f4ng t\u1ea1i BetWinner: tr\u00f2 ch\u01a1i \"crash\" n\u1ed5i ti\u1ebfng v\u1edbi h\u1ec7 s\u1ed1 nh\u00e2n t\u0103ng d\u1ea7n v\u00e0 di\u1ec5n bi\u1ebfn th\u1eddi gian th\u1ef1c. R\u00fat ti\u1ec1n v\u00e0o \u0111\u00fang th\u1eddi \u0111i\u1ec3m v\u00e0 gi\u00e0nh chi\u1ebfn th\u1eafng!","breadcrumb":{"@id":"https:\/\/betwinner.tips\/vi\/aviator\/#breadcrumb"},"inLanguage":"vi","potentialAction":[{"@type":"ReadAction","target":["https:\/\/betwinner.tips\/vi\/aviator\/"]}]},{"@type":"BreadcrumbList","@id":"https:\/\/betwinner.tips\/vi\/aviator\/#breadcrumb","itemListElement":[{"@type":"ListItem","position":1,"name":"Home","item":"https:\/\/betwinner.tips\/vi\/"},{"@type":"ListItem","position":2,"name":"Phi c\u00f4ng"}]},{"@type":"WebSite","@id":"https:\/\/betwinner.tips\/vi\/#website","url":"https:\/\/betwinner.tips\/vi\/","name":"Betwinner Tips VI","description":"My WordPress Blog","potentialAction":[{"@type":"SearchAction","target":{"@type":"EntryPoint","urlTemplate":"https:\/\/betwinner.tips\/vi\/?s={search_term_string}"},"query-input":{"@type":"PropertyValueSpecification","valueRequired":true,"valueName":"search_term_string"}}],"inLanguage":"vi"}]}},"_links":{"self":[{"href":"https:\/\/betwinner.tips\/vi\/wp-json\/wp\/v2\/pages\/545","targetHints":{"allow":["GET"]}}],"collection":[{"href":"https:\/\/betwinner.tips\/vi\/wp-json\/wp\/v2\/pages"}],"about":[{"href":"https:\/\/betwinner.tips\/vi\/wp-json\/wp\/v2\/types\/page"}],"author":[{"embeddable":true,"href":"https:\/\/betwinner.tips\/vi\/wp-json\/wp\/v2\/users\/1"}],"replies":[{"embeddable":true,"href":"https:\/\/betwinner.tips\/vi\/wp-json\/wp\/v2\/comments?post=545"}],"version-history":[{"count":6,"href":"https:\/\/betwinner.tips\/vi\/wp-json\/wp\/v2\/pages\/545\/revisions"}],"predecessor-version":[{"id":636,"href":"https:\/\/betwinner.tips\/vi\/wp-json\/wp\/v2\/pages\/545\/revisions\/636"}],"wp:attachment":[{"href":"https:\/\/betwinner.tips\/vi\/wp-json\/wp\/v2\/media?parent=545"}],"curies":[{"name":"wp","href":"https:\/\/api.w.org\/{rel}","templated":true}]}}