{"id":551,"date":"2026-04-14T15:02:29","date_gmt":"2026-04-14T15:02:29","guid":{"rendered":"https:\/\/betwinner.tips\/vi\/?page_id=551"},"modified":"2026-04-25T14:38:23","modified_gmt":"2026-04-25T14:38:23","slug":"chicken-road","status":"publish","type":"page","link":"https:\/\/betwinner.tips\/vi\/chicken-road\/","title":{"rendered":"\u0110\u01b0\u1eddng G\u00e0"},"content":{"rendered":"","protected":false},"excerpt":{"rendered":"","protected":false},"author":1,"featured_media":0,"parent":0,"menu_order":0,"comment_status":"closed","ping_status":"closed","template":"","meta":{"footnotes":""},"class_list":["post-551","page","type-page","status-publish","hentry"],"yoast_head":"<!-- This site is optimized with the Yoast SEO plugin v25.6 - https:\/\/yoast.com\/wordpress\/plugins\/seo\/ -->\n<title>\u0110\u01b0\u1eddng G\u00e0 \u2014 Ch\u01a1i ngay t\u1ea1i BetWinner Tr\u00f2 ch\u01a1i<\/title>\n<meta name=\"description\" content=\"\u0110\u01b0\u1eddng G\u00e0 tr\u1ef1c tuy\u1ebfn t\u1ea1i BetWinner: l\u1ed1i ch\u01a1i \u0111\u01a1n gi\u1ea3n, c\u00e1c v\u00e1n \u0111\u1ea5u nhanh ch\u00f3ng v\u00e0 tr\u1ea3i nghi\u1ec7m gi\u1ea3i tr\u00ed tuy\u1ec7t v\u1eddi. Tham gia ngay v\u00e0 b\u1eaft \u0111\u1ea7u ch\u01a1i!\" \/>\n<meta name=\"robots\" content=\"noindex, follow, max-snippet:-1, max-image-preview:large, max-video-preview:-1\" \/>\n<meta property=\"og:locale\" content=\"vi_VN\" \/>\n<meta property=\"og:type\" content=\"article\" \/>\n<meta property=\"og:title\" content=\"\u0110\u01b0\u1eddng G\u00e0 \u2014 Ch\u01a1i ngay t\u1ea1i BetWinner Tr\u00f2 ch\u01a1i\" \/>\n<meta property=\"og:description\" content=\"\u0110\u01b0\u1eddng G\u00e0 tr\u1ef1c tuy\u1ebfn t\u1ea1i BetWinner: l\u1ed1i ch\u01a1i \u0111\u01a1n gi\u1ea3n, c\u00e1c v\u00e1n \u0111\u1ea5u nhanh ch\u00f3ng v\u00e0 tr\u1ea3i nghi\u1ec7m gi\u1ea3i tr\u00ed tuy\u1ec7t v\u1eddi. Tham gia ngay v\u00e0 b\u1eaft \u0111\u1ea7u ch\u01a1i!\" \/>\n<meta property=\"og:url\" content=\"https:\/\/betwinner.tips\/vi\/chicken-road\/\" \/>\n<meta property=\"og:site_name\" content=\"Betwinner Tips VI\" \/>\n<meta property=\"article:modified_time\" content=\"2026-04-25T14:38:23+00:00\" \/>\n<meta name=\"twitter:card\" content=\"summary_large_image\" \/>\n<script type=\"application\/ld+json\" class=\"yoast-schema-graph\">{\"@context\":\"https:\/\/schema.org\",\"@graph\":[{\"@type\":\"WebPage\",\"@id\":\"https:\/\/betwinner.tips\/vi\/chicken-road\/\",\"url\":\"https:\/\/betwinner.tips\/vi\/chicken-road\/\",\"name\":\"\u0110\u01b0\u1eddng G\u00e0 \u2014 Ch\u01a1i ngay t\u1ea1i BetWinner Tr\u00f2 ch\u01a1i\",\"isPartOf\":{\"@id\":\"https:\/\/betwinner.tips\/vi\/#website\"},\"datePublished\":\"2026-04-14T15:02:29+00:00\",\"dateModified\":\"2026-04-25T14:38:23+00:00\",\"description\":\"\u0110\u01b0\u1eddng G\u00e0 tr\u1ef1c tuy\u1ebfn t\u1ea1i BetWinner: l\u1ed1i ch\u01a1i \u0111\u01a1n gi\u1ea3n, c\u00e1c v\u00e1n \u0111\u1ea5u nhanh ch\u00f3ng v\u00e0 tr\u1ea3i nghi\u1ec7m gi\u1ea3i tr\u00ed tuy\u1ec7t v\u1eddi. Tham gia ngay v\u00e0 b\u1eaft \u0111\u1ea7u ch\u01a1i!\",\"breadcrumb\":{\"@id\":\"https:\/\/betwinner.tips\/vi\/chicken-road\/#breadcrumb\"},\"inLanguage\":\"vi\",\"potentialAction\":[{\"@type\":\"ReadAction\",\"target\":[\"https:\/\/betwinner.tips\/vi\/chicken-road\/\"]}]},{\"@type\":\"BreadcrumbList\",\"@id\":\"https:\/\/betwinner.tips\/vi\/chicken-road\/#breadcrumb\",\"itemListElement\":[{\"@type\":\"ListItem\",\"position\":1,\"name\":\"Home\",\"item\":\"https:\/\/betwinner.tips\/vi\/\"},{\"@type\":\"ListItem\",\"position\":2,\"name\":\"\u0110\u01b0\u1eddng G\u00e0\"}]},{\"@type\":\"WebSite\",\"@id\":\"https:\/\/betwinner.tips\/vi\/#website\",\"url\":\"https:\/\/betwinner.tips\/vi\/\",\"name\":\"Betwinner Tips VI\",\"description\":\"My WordPress Blog\",\"potentialAction\":[{\"@type\":\"SearchAction\",\"target\":{\"@type\":\"EntryPoint\",\"urlTemplate\":\"https:\/\/betwinner.tips\/vi\/?s={search_term_string}\"},\"query-input\":{\"@type\":\"PropertyValueSpecification\",\"valueRequired\":true,\"valueName\":\"search_term_string\"}}],\"inLanguage\":\"vi\"}]}<\/script>\n<!-- \/ Yoast SEO plugin. -->","yoast_head_json":{"title":"\u0110\u01b0\u1eddng G\u00e0 \u2014 Ch\u01a1i ngay t\u1ea1i BetWinner Tr\u00f2 ch\u01a1i","description":"\u0110\u01b0\u1eddng G\u00e0 tr\u1ef1c tuy\u1ebfn t\u1ea1i BetWinner: l\u1ed1i ch\u01a1i \u0111\u01a1n gi\u1ea3n, c\u00e1c v\u00e1n \u0111\u1ea5u nhanh ch\u00f3ng v\u00e0 tr\u1ea3i nghi\u1ec7m gi\u1ea3i tr\u00ed tuy\u1ec7t v\u1eddi. Tham gia ngay v\u00e0 b\u1eaft \u0111\u1ea7u ch\u01a1i!","robots":{"index":"noindex","follow":"follow","max-snippet":"max-snippet:-1","max-image-preview":"max-image-preview:large","max-video-preview":"max-video-preview:-1"},"og_locale":"vi_VN","og_type":"article","og_title":"\u0110\u01b0\u1eddng G\u00e0 \u2014 Ch\u01a1i ngay t\u1ea1i BetWinner Tr\u00f2 ch\u01a1i","og_description":"\u0110\u01b0\u1eddng G\u00e0 tr\u1ef1c tuy\u1ebfn t\u1ea1i BetWinner: l\u1ed1i ch\u01a1i \u0111\u01a1n gi\u1ea3n, c\u00e1c v\u00e1n \u0111\u1ea5u nhanh ch\u00f3ng v\u00e0 tr\u1ea3i nghi\u1ec7m gi\u1ea3i tr\u00ed tuy\u1ec7t v\u1eddi. Tham gia ngay v\u00e0 b\u1eaft \u0111\u1ea7u ch\u01a1i!","og_url":"https:\/\/betwinner.tips\/vi\/chicken-road\/","og_site_name":"Betwinner Tips VI","article_modified_time":"2026-04-25T14:38:23+00:00","twitter_card":"summary_large_image","schema":{"@context":"https:\/\/schema.org","@graph":[{"@type":"WebPage","@id":"https:\/\/betwinner.tips\/vi\/chicken-road\/","url":"https:\/\/betwinner.tips\/vi\/chicken-road\/","name":"\u0110\u01b0\u1eddng G\u00e0 \u2014 Ch\u01a1i ngay t\u1ea1i BetWinner Tr\u00f2 ch\u01a1i","isPartOf":{"@id":"https:\/\/betwinner.tips\/vi\/#website"},"datePublished":"2026-04-14T15:02:29+00:00","dateModified":"2026-04-25T14:38:23+00:00","description":"\u0110\u01b0\u1eddng G\u00e0 tr\u1ef1c tuy\u1ebfn t\u1ea1i BetWinner: l\u1ed1i ch\u01a1i \u0111\u01a1n gi\u1ea3n, c\u00e1c v\u00e1n \u0111\u1ea5u nhanh ch\u00f3ng v\u00e0 tr\u1ea3i nghi\u1ec7m gi\u1ea3i tr\u00ed tuy\u1ec7t v\u1eddi. Tham gia ngay v\u00e0 b\u1eaft \u0111\u1ea7u ch\u01a1i!","breadcrumb":{"@id":"https:\/\/betwinner.tips\/vi\/chicken-road\/#breadcrumb"},"inLanguage":"vi","potentialAction":[{"@type":"ReadAction","target":["https:\/\/betwinner.tips\/vi\/chicken-road\/"]}]},{"@type":"BreadcrumbList","@id":"https:\/\/betwinner.tips\/vi\/chicken-road\/#breadcrumb","itemListElement":[{"@type":"ListItem","position":1,"name":"Home","item":"https:\/\/betwinner.tips\/vi\/"},{"@type":"ListItem","position":2,"name":"\u0110\u01b0\u1eddng G\u00e0"}]},{"@type":"WebSite","@id":"https:\/\/betwinner.tips\/vi\/#website","url":"https:\/\/betwinner.tips\/vi\/","name":"Betwinner Tips VI","description":"My WordPress Blog","potentialAction":[{"@type":"SearchAction","target":{"@type":"EntryPoint","urlTemplate":"https:\/\/betwinner.tips\/vi\/?s={search_term_string}"},"query-input":{"@type":"PropertyValueSpecification","valueRequired":true,"valueName":"search_term_string"}}],"inLanguage":"vi"}]}},"_links":{"self":[{"href":"https:\/\/betwinner.tips\/vi\/wp-json\/wp\/v2\/pages\/551","targetHints":{"allow":["GET"]}}],"collection":[{"href":"https:\/\/betwinner.tips\/vi\/wp-json\/wp\/v2\/pages"}],"about":[{"href":"https:\/\/betwinner.tips\/vi\/wp-json\/wp\/v2\/types\/page"}],"author":[{"embeddable":true,"href":"https:\/\/betwinner.tips\/vi\/wp-json\/wp\/v2\/users\/1"}],"replies":[{"embeddable":true,"href":"https:\/\/betwinner.tips\/vi\/wp-json\/wp\/v2\/comments?post=551"}],"version-history":[{"count":4,"href":"https:\/\/betwinner.tips\/vi\/wp-json\/wp\/v2\/pages\/551\/revisions"}],"predecessor-version":[{"id":646,"href":"https:\/\/betwinner.tips\/vi\/wp-json\/wp\/v2\/pages\/551\/revisions\/646"}],"wp:attachment":[{"href":"https:\/\/betwinner.tips\/vi\/wp-json\/wp\/v2\/media?parent=551"}],"curies":[{"name":"wp","href":"https:\/\/api.w.org\/{rel}","templated":true}]}}