{"id":567,"date":"2026-04-14T16:12:37","date_gmt":"2026-04-14T16:12:37","guid":{"rendered":"https:\/\/betwinner.tips\/vi\/?page_id=567"},"modified":"2026-04-25T13:59:36","modified_gmt":"2026-04-25T13:59:36","slug":"book-of-dead","status":"publish","type":"page","link":"https:\/\/betwinner.tips\/vi\/book-of-dead\/","title":{"rendered":"Cu\u1ed1n s\u00e1ch c\u1ee7a ng\u01b0\u1eddi ch\u1ebft"},"content":{"rendered":"","protected":false},"excerpt":{"rendered":"","protected":false},"author":1,"featured_media":0,"parent":0,"menu_order":0,"comment_status":"closed","ping_status":"closed","template":"","meta":{"footnotes":""},"class_list":["post-567","page","type-page","status-publish","hentry"],"yoast_head":"<!-- This site is optimized with the Yoast SEO plugin v25.6 - https:\/\/yoast.com\/wordpress\/plugins\/seo\/ -->\n<title>M\u00e1y \u0111\u00e1nh b\u1ea1c Cu\u1ed1n s\u00e1ch c\u1ee7a ng\u01b0\u1eddi ch\u1ebft \u2014 Ch\u01a1i t\u1ea1i BetWinner Tr\u00f2 ch\u01a1i<\/title>\n<meta name=\"description\" content=\"Ch\u01a1i Cu\u1ed1n s\u00e1ch c\u1ee7a ng\u01b0\u1eddi ch\u1ebft t\u1ea1i BetWinner: tr\u00f2 ch\u01a1i slot l\u1ea5y c\u1ea3m h\u1ee9ng t\u1eeb Ai C\u1eadp r\u1ea5t \u0111\u01b0\u1ee3c \u01b0a chu\u1ed9ng v\u1edbi v\u00f2ng quay mi\u1ec5n ph\u00ed, bi\u1ec3u t\u01b0\u1ee3ng m\u1edf r\u1ed9ng v\u00e0 c\u01a1 h\u1ed9i tr\u00fang th\u01b0\u1edfng l\u1edbn. Quay ngay!\" \/>\n<meta name=\"robots\" content=\"noindex, follow, max-snippet:-1, max-image-preview:large, max-video-preview:-1\" \/>\n<meta property=\"og:locale\" content=\"vi_VN\" \/>\n<meta property=\"og:type\" content=\"article\" \/>\n<meta property=\"og:title\" content=\"M\u00e1y \u0111\u00e1nh b\u1ea1c Cu\u1ed1n s\u00e1ch c\u1ee7a ng\u01b0\u1eddi ch\u1ebft \u2014 Ch\u01a1i t\u1ea1i BetWinner Tr\u00f2 ch\u01a1i\" \/>\n<meta property=\"og:description\" content=\"Ch\u01a1i Cu\u1ed1n s\u00e1ch c\u1ee7a ng\u01b0\u1eddi ch\u1ebft t\u1ea1i BetWinner: tr\u00f2 ch\u01a1i slot l\u1ea5y c\u1ea3m h\u1ee9ng t\u1eeb Ai C\u1eadp r\u1ea5t \u0111\u01b0\u1ee3c \u01b0a chu\u1ed9ng v\u1edbi v\u00f2ng quay mi\u1ec5n ph\u00ed, bi\u1ec3u t\u01b0\u1ee3ng m\u1edf r\u1ed9ng v\u00e0 c\u01a1 h\u1ed9i tr\u00fang th\u01b0\u1edfng l\u1edbn. Quay ngay!\" \/>\n<meta property=\"og:url\" content=\"https:\/\/betwinner.tips\/vi\/book-of-dead\/\" \/>\n<meta property=\"og:site_name\" content=\"Betwinner Tips VI\" \/>\n<meta property=\"article:modified_time\" content=\"2026-04-25T13:59:36+00:00\" \/>\n<meta name=\"twitter:card\" content=\"summary_large_image\" \/>\n<script type=\"application\/ld+json\" class=\"yoast-schema-graph\">{\"@context\":\"https:\/\/schema.org\",\"@graph\":[{\"@type\":\"WebPage\",\"@id\":\"https:\/\/betwinner.tips\/vi\/book-of-dead\/\",\"url\":\"https:\/\/betwinner.tips\/vi\/book-of-dead\/\",\"name\":\"M\u00e1y \u0111\u00e1nh b\u1ea1c Cu\u1ed1n s\u00e1ch c\u1ee7a ng\u01b0\u1eddi ch\u1ebft \u2014 Ch\u01a1i t\u1ea1i BetWinner Tr\u00f2 ch\u01a1i\",\"isPartOf\":{\"@id\":\"https:\/\/betwinner.tips\/vi\/#website\"},\"datePublished\":\"2026-04-14T16:12:37+00:00\",\"dateModified\":\"2026-04-25T13:59:36+00:00\",\"description\":\"Ch\u01a1i Cu\u1ed1n s\u00e1ch c\u1ee7a ng\u01b0\u1eddi ch\u1ebft t\u1ea1i BetWinner: tr\u00f2 ch\u01a1i slot l\u1ea5y c\u1ea3m h\u1ee9ng t\u1eeb Ai C\u1eadp r\u1ea5t \u0111\u01b0\u1ee3c \u01b0a chu\u1ed9ng v\u1edbi v\u00f2ng quay mi\u1ec5n ph\u00ed, bi\u1ec3u t\u01b0\u1ee3ng m\u1edf r\u1ed9ng v\u00e0 c\u01a1 h\u1ed9i tr\u00fang th\u01b0\u1edfng l\u1edbn. Quay ngay!\",\"breadcrumb\":{\"@id\":\"https:\/\/betwinner.tips\/vi\/book-of-dead\/#breadcrumb\"},\"inLanguage\":\"vi\",\"potentialAction\":[{\"@type\":\"ReadAction\",\"target\":[\"https:\/\/betwinner.tips\/vi\/book-of-dead\/\"]}]},{\"@type\":\"BreadcrumbList\",\"@id\":\"https:\/\/betwinner.tips\/vi\/book-of-dead\/#breadcrumb\",\"itemListElement\":[{\"@type\":\"ListItem\",\"position\":1,\"name\":\"Home\",\"item\":\"https:\/\/betwinner.tips\/vi\/\"},{\"@type\":\"ListItem\",\"position\":2,\"name\":\"Cu\u1ed1n s\u00e1ch c\u1ee7a ng\u01b0\u1eddi ch\u1ebft\"}]},{\"@type\":\"WebSite\",\"@id\":\"https:\/\/betwinner.tips\/vi\/#website\",\"url\":\"https:\/\/betwinner.tips\/vi\/\",\"name\":\"Betwinner Tips VI\",\"description\":\"My WordPress Blog\",\"potentialAction\":[{\"@type\":\"SearchAction\",\"target\":{\"@type\":\"EntryPoint\",\"urlTemplate\":\"https:\/\/betwinner.tips\/vi\/?s={search_term_string}\"},\"query-input\":{\"@type\":\"PropertyValueSpecification\",\"valueRequired\":true,\"valueName\":\"search_term_string\"}}],\"inLanguage\":\"vi\"}]}<\/script>\n<!-- \/ Yoast SEO plugin. -->","yoast_head_json":{"title":"M\u00e1y \u0111\u00e1nh b\u1ea1c Cu\u1ed1n s\u00e1ch c\u1ee7a ng\u01b0\u1eddi ch\u1ebft \u2014 Ch\u01a1i t\u1ea1i BetWinner Tr\u00f2 ch\u01a1i","description":"Ch\u01a1i Cu\u1ed1n s\u00e1ch c\u1ee7a ng\u01b0\u1eddi ch\u1ebft t\u1ea1i BetWinner: tr\u00f2 ch\u01a1i slot l\u1ea5y c\u1ea3m h\u1ee9ng t\u1eeb Ai C\u1eadp r\u1ea5t \u0111\u01b0\u1ee3c \u01b0a chu\u1ed9ng v\u1edbi v\u00f2ng quay mi\u1ec5n ph\u00ed, bi\u1ec3u t\u01b0\u1ee3ng m\u1edf r\u1ed9ng v\u00e0 c\u01a1 h\u1ed9i tr\u00fang th\u01b0\u1edfng l\u1edbn. Quay ngay!","robots":{"index":"noindex","follow":"follow","max-snippet":"max-snippet:-1","max-image-preview":"max-image-preview:large","max-video-preview":"max-video-preview:-1"},"og_locale":"vi_VN","og_type":"article","og_title":"M\u00e1y \u0111\u00e1nh b\u1ea1c Cu\u1ed1n s\u00e1ch c\u1ee7a ng\u01b0\u1eddi ch\u1ebft \u2014 Ch\u01a1i t\u1ea1i BetWinner Tr\u00f2 ch\u01a1i","og_description":"Ch\u01a1i Cu\u1ed1n s\u00e1ch c\u1ee7a ng\u01b0\u1eddi ch\u1ebft t\u1ea1i BetWinner: tr\u00f2 ch\u01a1i slot l\u1ea5y c\u1ea3m h\u1ee9ng t\u1eeb Ai C\u1eadp r\u1ea5t \u0111\u01b0\u1ee3c \u01b0a chu\u1ed9ng v\u1edbi v\u00f2ng quay mi\u1ec5n ph\u00ed, bi\u1ec3u t\u01b0\u1ee3ng m\u1edf r\u1ed9ng v\u00e0 c\u01a1 h\u1ed9i tr\u00fang th\u01b0\u1edfng l\u1edbn. Quay ngay!","og_url":"https:\/\/betwinner.tips\/vi\/book-of-dead\/","og_site_name":"Betwinner Tips VI","article_modified_time":"2026-04-25T13:59:36+00:00","twitter_card":"summary_large_image","schema":{"@context":"https:\/\/schema.org","@graph":[{"@type":"WebPage","@id":"https:\/\/betwinner.tips\/vi\/book-of-dead\/","url":"https:\/\/betwinner.tips\/vi\/book-of-dead\/","name":"M\u00e1y \u0111\u00e1nh b\u1ea1c Cu\u1ed1n s\u00e1ch c\u1ee7a ng\u01b0\u1eddi ch\u1ebft \u2014 Ch\u01a1i t\u1ea1i BetWinner Tr\u00f2 ch\u01a1i","isPartOf":{"@id":"https:\/\/betwinner.tips\/vi\/#website"},"datePublished":"2026-04-14T16:12:37+00:00","dateModified":"2026-04-25T13:59:36+00:00","description":"Ch\u01a1i Cu\u1ed1n s\u00e1ch c\u1ee7a ng\u01b0\u1eddi ch\u1ebft t\u1ea1i BetWinner: tr\u00f2 ch\u01a1i slot l\u1ea5y c\u1ea3m h\u1ee9ng t\u1eeb Ai C\u1eadp r\u1ea5t \u0111\u01b0\u1ee3c \u01b0a chu\u1ed9ng v\u1edbi v\u00f2ng quay mi\u1ec5n ph\u00ed, bi\u1ec3u t\u01b0\u1ee3ng m\u1edf r\u1ed9ng v\u00e0 c\u01a1 h\u1ed9i tr\u00fang th\u01b0\u1edfng l\u1edbn. Quay ngay!","breadcrumb":{"@id":"https:\/\/betwinner.tips\/vi\/book-of-dead\/#breadcrumb"},"inLanguage":"vi","potentialAction":[{"@type":"ReadAction","target":["https:\/\/betwinner.tips\/vi\/book-of-dead\/"]}]},{"@type":"BreadcrumbList","@id":"https:\/\/betwinner.tips\/vi\/book-of-dead\/#breadcrumb","itemListElement":[{"@type":"ListItem","position":1,"name":"Home","item":"https:\/\/betwinner.tips\/vi\/"},{"@type":"ListItem","position":2,"name":"Cu\u1ed1n s\u00e1ch c\u1ee7a ng\u01b0\u1eddi ch\u1ebft"}]},{"@type":"WebSite","@id":"https:\/\/betwinner.tips\/vi\/#website","url":"https:\/\/betwinner.tips\/vi\/","name":"Betwinner Tips VI","description":"My WordPress Blog","potentialAction":[{"@type":"SearchAction","target":{"@type":"EntryPoint","urlTemplate":"https:\/\/betwinner.tips\/vi\/?s={search_term_string}"},"query-input":{"@type":"PropertyValueSpecification","valueRequired":true,"valueName":"search_term_string"}}],"inLanguage":"vi"}]}},"_links":{"self":[{"href":"https:\/\/betwinner.tips\/vi\/wp-json\/wp\/v2\/pages\/567","targetHints":{"allow":["GET"]}}],"collection":[{"href":"https:\/\/betwinner.tips\/vi\/wp-json\/wp\/v2\/pages"}],"about":[{"href":"https:\/\/betwinner.tips\/vi\/wp-json\/wp\/v2\/types\/page"}],"author":[{"embeddable":true,"href":"https:\/\/betwinner.tips\/vi\/wp-json\/wp\/v2\/users\/1"}],"replies":[{"embeddable":true,"href":"https:\/\/betwinner.tips\/vi\/wp-json\/wp\/v2\/comments?post=567"}],"version-history":[{"count":4,"href":"https:\/\/betwinner.tips\/vi\/wp-json\/wp\/v2\/pages\/567\/revisions"}],"predecessor-version":[{"id":640,"href":"https:\/\/betwinner.tips\/vi\/wp-json\/wp\/v2\/pages\/567\/revisions\/640"}],"wp:attachment":[{"href":"https:\/\/betwinner.tips\/vi\/wp-json\/wp\/v2\/media?parent=567"}],"curies":[{"name":"wp","href":"https:\/\/api.w.org\/{rel}","templated":true}]}}