{"id":571,"date":"2026-04-14T16:30:03","date_gmt":"2026-04-14T16:30:03","guid":{"rendered":"https:\/\/betwinner.tips\/vi\/?page_id=571"},"modified":"2026-04-27T09:27:37","modified_gmt":"2026-04-27T09:27:37","slug":"mines","status":"publish","type":"page","link":"https:\/\/betwinner.tips\/vi\/mines\/","title":{"rendered":"M\u1ecf"},"content":{"rendered":"","protected":false},"excerpt":{"rendered":"","protected":false},"author":1,"featured_media":0,"parent":0,"menu_order":0,"comment_status":"closed","ping_status":"closed","template":"","meta":{"footnotes":""},"class_list":["post-571","page","type-page","status-publish","hentry"],"yoast_head":"<!-- This site is optimized with the Yoast SEO plugin v25.6 - https:\/\/yoast.com\/wordpress\/plugins\/seo\/ -->\n<title>BetWinner M\u1ecf\u2014 Ch\u01a1i b\u1eb1ng ti\u1ec1n th\u1eadt<\/title>\n<meta name=\"description\" content=\"Ch\u01a1i M\u1ecf t\u1ea1i BetWinner: ch\u1ecdn c\u00e1c \u00f4 an to\u00e0n, tr\u00e1nh c\u00e1c \u00f4 m\u00ecn v\u00e0 t\u0103ng s\u1ed1 ti\u1ec1n th\u1eafng c\u01b0\u1ee3c c\u1ee7a b\u1ea1n. Lu\u1eadt ch\u01a1i \u0111\u01a1n gi\u1ea3n v\u00e0 l\u1ed1i ch\u01a1i h\u1ea5p d\u1eabn \u2014 h\u00e3y th\u1eed ngay!\" \/>\n<meta name=\"robots\" content=\"noindex, follow, max-snippet:-1, max-image-preview:large, max-video-preview:-1\" \/>\n<meta property=\"og:locale\" content=\"vi_VN\" \/>\n<meta property=\"og:type\" content=\"article\" \/>\n<meta property=\"og:title\" content=\"BetWinner M\u1ecf\u2014 Ch\u01a1i b\u1eb1ng ti\u1ec1n th\u1eadt\" \/>\n<meta property=\"og:description\" content=\"Ch\u01a1i M\u1ecf t\u1ea1i BetWinner: ch\u1ecdn c\u00e1c \u00f4 an to\u00e0n, tr\u00e1nh c\u00e1c \u00f4 m\u00ecn v\u00e0 t\u0103ng s\u1ed1 ti\u1ec1n th\u1eafng c\u01b0\u1ee3c c\u1ee7a b\u1ea1n. Lu\u1eadt ch\u01a1i \u0111\u01a1n gi\u1ea3n v\u00e0 l\u1ed1i ch\u01a1i h\u1ea5p d\u1eabn \u2014 h\u00e3y th\u1eed ngay!\" \/>\n<meta property=\"og:url\" content=\"https:\/\/betwinner.tips\/vi\/mines\/\" \/>\n<meta property=\"og:site_name\" content=\"Betwinner Tips VI\" \/>\n<meta property=\"article:modified_time\" content=\"2026-04-27T09:27:37+00:00\" \/>\n<meta name=\"twitter:card\" content=\"summary_large_image\" \/>\n<script type=\"application\/ld+json\" class=\"yoast-schema-graph\">{\"@context\":\"https:\/\/schema.org\",\"@graph\":[{\"@type\":\"WebPage\",\"@id\":\"https:\/\/betwinner.tips\/vi\/mines\/\",\"url\":\"https:\/\/betwinner.tips\/vi\/mines\/\",\"name\":\"BetWinner M\u1ecf\u2014 Ch\u01a1i b\u1eb1ng ti\u1ec1n th\u1eadt\",\"isPartOf\":{\"@id\":\"https:\/\/betwinner.tips\/vi\/#website\"},\"datePublished\":\"2026-04-14T16:30:03+00:00\",\"dateModified\":\"2026-04-27T09:27:37+00:00\",\"description\":\"Ch\u01a1i M\u1ecf t\u1ea1i BetWinner: ch\u1ecdn c\u00e1c \u00f4 an to\u00e0n, tr\u00e1nh c\u00e1c \u00f4 m\u00ecn v\u00e0 t\u0103ng s\u1ed1 ti\u1ec1n th\u1eafng c\u01b0\u1ee3c c\u1ee7a b\u1ea1n. Lu\u1eadt ch\u01a1i \u0111\u01a1n gi\u1ea3n v\u00e0 l\u1ed1i ch\u01a1i h\u1ea5p d\u1eabn \u2014 h\u00e3y th\u1eed ngay!\",\"breadcrumb\":{\"@id\":\"https:\/\/betwinner.tips\/vi\/mines\/#breadcrumb\"},\"inLanguage\":\"vi\",\"potentialAction\":[{\"@type\":\"ReadAction\",\"target\":[\"https:\/\/betwinner.tips\/vi\/mines\/\"]}]},{\"@type\":\"BreadcrumbList\",\"@id\":\"https:\/\/betwinner.tips\/vi\/mines\/#breadcrumb\",\"itemListElement\":[{\"@type\":\"ListItem\",\"position\":1,\"name\":\"Home\",\"item\":\"https:\/\/betwinner.tips\/vi\/\"},{\"@type\":\"ListItem\",\"position\":2,\"name\":\"M\u1ecf\"}]},{\"@type\":\"WebSite\",\"@id\":\"https:\/\/betwinner.tips\/vi\/#website\",\"url\":\"https:\/\/betwinner.tips\/vi\/\",\"name\":\"Betwinner Tips VI\",\"description\":\"My WordPress Blog\",\"potentialAction\":[{\"@type\":\"SearchAction\",\"target\":{\"@type\":\"EntryPoint\",\"urlTemplate\":\"https:\/\/betwinner.tips\/vi\/?s={search_term_string}\"},\"query-input\":{\"@type\":\"PropertyValueSpecification\",\"valueRequired\":true,\"valueName\":\"search_term_string\"}}],\"inLanguage\":\"vi\"}]}<\/script>\n<!-- \/ Yoast SEO plugin. -->","yoast_head_json":{"title":"BetWinner M\u1ecf\u2014 Ch\u01a1i b\u1eb1ng ti\u1ec1n th\u1eadt","description":"Ch\u01a1i M\u1ecf t\u1ea1i BetWinner: ch\u1ecdn c\u00e1c \u00f4 an to\u00e0n, tr\u00e1nh c\u00e1c \u00f4 m\u00ecn v\u00e0 t\u0103ng s\u1ed1 ti\u1ec1n th\u1eafng c\u01b0\u1ee3c c\u1ee7a b\u1ea1n. Lu\u1eadt ch\u01a1i \u0111\u01a1n gi\u1ea3n v\u00e0 l\u1ed1i ch\u01a1i h\u1ea5p d\u1eabn \u2014 h\u00e3y th\u1eed ngay!","robots":{"index":"noindex","follow":"follow","max-snippet":"max-snippet:-1","max-image-preview":"max-image-preview:large","max-video-preview":"max-video-preview:-1"},"og_locale":"vi_VN","og_type":"article","og_title":"BetWinner M\u1ecf\u2014 Ch\u01a1i b\u1eb1ng ti\u1ec1n th\u1eadt","og_description":"Ch\u01a1i M\u1ecf t\u1ea1i BetWinner: ch\u1ecdn c\u00e1c \u00f4 an to\u00e0n, tr\u00e1nh c\u00e1c \u00f4 m\u00ecn v\u00e0 t\u0103ng s\u1ed1 ti\u1ec1n th\u1eafng c\u01b0\u1ee3c c\u1ee7a b\u1ea1n. Lu\u1eadt ch\u01a1i \u0111\u01a1n gi\u1ea3n v\u00e0 l\u1ed1i ch\u01a1i h\u1ea5p d\u1eabn \u2014 h\u00e3y th\u1eed ngay!","og_url":"https:\/\/betwinner.tips\/vi\/mines\/","og_site_name":"Betwinner Tips VI","article_modified_time":"2026-04-27T09:27:37+00:00","twitter_card":"summary_large_image","schema":{"@context":"https:\/\/schema.org","@graph":[{"@type":"WebPage","@id":"https:\/\/betwinner.tips\/vi\/mines\/","url":"https:\/\/betwinner.tips\/vi\/mines\/","name":"BetWinner M\u1ecf\u2014 Ch\u01a1i b\u1eb1ng ti\u1ec1n th\u1eadt","isPartOf":{"@id":"https:\/\/betwinner.tips\/vi\/#website"},"datePublished":"2026-04-14T16:30:03+00:00","dateModified":"2026-04-27T09:27:37+00:00","description":"Ch\u01a1i M\u1ecf t\u1ea1i BetWinner: ch\u1ecdn c\u00e1c \u00f4 an to\u00e0n, tr\u00e1nh c\u00e1c \u00f4 m\u00ecn v\u00e0 t\u0103ng s\u1ed1 ti\u1ec1n th\u1eafng c\u01b0\u1ee3c c\u1ee7a b\u1ea1n. Lu\u1eadt ch\u01a1i \u0111\u01a1n gi\u1ea3n v\u00e0 l\u1ed1i ch\u01a1i h\u1ea5p d\u1eabn \u2014 h\u00e3y th\u1eed ngay!","breadcrumb":{"@id":"https:\/\/betwinner.tips\/vi\/mines\/#breadcrumb"},"inLanguage":"vi","potentialAction":[{"@type":"ReadAction","target":["https:\/\/betwinner.tips\/vi\/mines\/"]}]},{"@type":"BreadcrumbList","@id":"https:\/\/betwinner.tips\/vi\/mines\/#breadcrumb","itemListElement":[{"@type":"ListItem","position":1,"name":"Home","item":"https:\/\/betwinner.tips\/vi\/"},{"@type":"ListItem","position":2,"name":"M\u1ecf"}]},{"@type":"WebSite","@id":"https:\/\/betwinner.tips\/vi\/#website","url":"https:\/\/betwinner.tips\/vi\/","name":"Betwinner Tips VI","description":"My WordPress Blog","potentialAction":[{"@type":"SearchAction","target":{"@type":"EntryPoint","urlTemplate":"https:\/\/betwinner.tips\/vi\/?s={search_term_string}"},"query-input":{"@type":"PropertyValueSpecification","valueRequired":true,"valueName":"search_term_string"}}],"inLanguage":"vi"}]}},"_links":{"self":[{"href":"https:\/\/betwinner.tips\/vi\/wp-json\/wp\/v2\/pages\/571","targetHints":{"allow":["GET"]}}],"collection":[{"href":"https:\/\/betwinner.tips\/vi\/wp-json\/wp\/v2\/pages"}],"about":[{"href":"https:\/\/betwinner.tips\/vi\/wp-json\/wp\/v2\/types\/page"}],"author":[{"embeddable":true,"href":"https:\/\/betwinner.tips\/vi\/wp-json\/wp\/v2\/users\/1"}],"replies":[{"embeddable":true,"href":"https:\/\/betwinner.tips\/vi\/wp-json\/wp\/v2\/comments?post=571"}],"version-history":[{"count":4,"href":"https:\/\/betwinner.tips\/vi\/wp-json\/wp\/v2\/pages\/571\/revisions"}],"predecessor-version":[{"id":662,"href":"https:\/\/betwinner.tips\/vi\/wp-json\/wp\/v2\/pages\/571\/revisions\/662"}],"wp:attachment":[{"href":"https:\/\/betwinner.tips\/vi\/wp-json\/wp\/v2\/media?parent=571"}],"curies":[{"name":"wp","href":"https:\/\/api.w.org\/{rel}","templated":true}]}}